{"id":16,"date":"2019-05-30T09:31:31","date_gmt":"2019-05-30T09:31:31","guid":{"rendered":"http:\/\/carnevalsclub-dhh.de\/?page_id=16"},"modified":"2024-01-12T09:05:32","modified_gmt":"2024-01-12T08:05:32","slug":"16-2","status":"publish","type":"page","link":"http:\/\/carnevalsclub-dhh.de\/","title":{"rendered":"Startseite"},"content":{"rendered":"\n<figure class=\"wp-block-gallery has-nested-images columns-default is-cropped wp-block-gallery-1 is-layout-flex wp-block-gallery-is-layout-flex\">\n<figure class=\"wp-block-image size-large\"><img loading=\"lazy\" decoding=\"async\" width=\"1024\" height=\"497\" data-id=\"352\" src=\"http:\/\/carnevalsclub-dhh.de\/wp-content\/uploads\/2024\/01\/Kampagneneroeffnung23_24-1-1024x497.jpg\" alt=\"\" class=\"wp-image-352\" srcset=\"http:\/\/carnevalsclub-dhh.de\/wp-content\/uploads\/2024\/01\/Kampagneneroeffnung23_24-1-1024x497.jpg 1024w, http:\/\/carnevalsclub-dhh.de\/wp-content\/uploads\/2024\/01\/Kampagneneroeffnung23_24-1-300x146.jpg 300w, http:\/\/carnevalsclub-dhh.de\/wp-content\/uploads\/2024\/01\/Kampagneneroeffnung23_24-1-768x373.jpg 768w, http:\/\/carnevalsclub-dhh.de\/wp-content\/uploads\/2024\/01\/Kampagneneroeffnung23_24-1-1536x746.jpg 1536w, http:\/\/carnevalsclub-dhh.de\/wp-content\/uploads\/2024\/01\/Kampagneneroeffnung23_24-1.jpg 1863w\" sizes=\"(max-width: 1024px) 100vw, 1024px\" \/><\/figure>\n<\/figure>\n\n\n\n<h2 class=\"wp-block-heading\">Herzlich Willkommen beim Carnevals-Club Dornholzhausen!<\/h2>\n\n\n\n<p>Hier kannst Du dich \u00fcber unseren Verein sowie die bevorstehenden Veranstaltungen informieren. Viel Spa\u00df beim St\u00f6bern!  <\/p>\n\n\n\n<blockquote class=\"wp-block-quote is-layout-flow wp-block-quote-is-layout-flow\">\n<p>&#8222;<em>Am Grunde des Herzen eines jeden Dornholzh\u00e4user Esel wohnt ein kleiner Narr, der mit Heiterkeit gef\u00fcttert werden kann.<\/em>&#8222;<\/p>\n<\/blockquote>\n\n\n\n<p><\/p>\n","protected":false},"excerpt":{"rendered":"<p>Herzlich Willkommen beim Carnevals-Club Dornholzhausen! Hier kannst Du dich \u00fcber unseren Verein sowie die bevorstehenden Veranstaltungen informieren. Viel Spa\u00df beim<\/p>\n","protected":false},"author":1,"featured_media":0,"parent":0,"menu_order":0,"comment_status":"closed","ping_status":"closed","template":"","meta":{"footnotes":""},"class_list":["post-16","page","type-page","status-publish","hentry"],"_links":{"self":[{"href":"http:\/\/carnevalsclub-dhh.de\/index.php?rest_route=\/wp\/v2\/pages\/16"}],"collection":[{"href":"http:\/\/carnevalsclub-dhh.de\/index.php?rest_route=\/wp\/v2\/pages"}],"about":[{"href":"http:\/\/carnevalsclub-dhh.de\/index.php?rest_route=\/wp\/v2\/types\/page"}],"author":[{"embeddable":true,"href":"http:\/\/carnevalsclub-dhh.de\/index.php?rest_route=\/wp\/v2\/users\/1"}],"replies":[{"embeddable":true,"href":"http:\/\/carnevalsclub-dhh.de\/index.php?rest_route=%2Fwp%2Fv2%2Fcomments&post=16"}],"version-history":[{"count":13,"href":"http:\/\/carnevalsclub-dhh.de\/index.php?rest_route=\/wp\/v2\/pages\/16\/revisions"}],"predecessor-version":[{"id":355,"href":"http:\/\/carnevalsclub-dhh.de\/index.php?rest_route=\/wp\/v2\/pages\/16\/revisions\/355"}],"wp:attachment":[{"href":"http:\/\/carnevalsclub-dhh.de\/index.php?rest_route=%2Fwp%2Fv2%2Fmedia&parent=16"}],"curies":[{"name":"wp","href":"https:\/\/api.w.org\/{rel}","templated":true}]}}