{"id":188,"date":"2019-12-18T17:13:56","date_gmt":"2019-12-18T16:13:56","guid":{"rendered":"http:\/\/carnevalsclub-dhh.de\/?page_id=188"},"modified":"2023-07-20T14:38:00","modified_gmt":"2023-07-20T12:38:00","slug":"impressum","status":"publish","type":"page","link":"http:\/\/carnevalsclub-dhh.de\/?page_id=188","title":{"rendered":"Impressum"},"content":{"rendered":"\n<p>Carnevals-Club Dornholzhausen e.V.  <br>Kleebachstra\u00dfe 12, 35428 Langg\u00f6ns &#8211; Dornholzhausen <br>E-Mail: <a href=\"mailto:info@carnevalsclub-dhh.de\">info@carnevalsclub-dhh.de<\/a><br>Internet: www.carnevalsclub-dhh.de<br> <br><strong>Vertretungsberechtigter Vorstand:<\/strong><br>Marcel Rau,\u00a0 1. Vorsitzender                                                                                                                Christiane Plescher, 2. Vorsitzende <br>Anne Wenzel, 1. Kassiererin<\/p>\n\n\n\n<p>Registergericht: Amtsgericht Giessen<br>Registernummer: VR 1910<\/p>\n\n\n\n<p><strong>Webmaster:<\/strong><br>Christiane Plescher<br>E-Mail: <a href=\"mailto:webmaster@carnevalsclub-dhh.de\">webmaster@carnevalsclub-dhh.de<\/a><br> <br><strong>Verantwortlich f\u00fcr den Inhalt<\/strong><br>Inhaltlich verantwortlich gem\u00e4\u00df \u00a76 MDStV: Der vertretungsberechtigte Vorstand.<br>Die Verantwortlichkeit f\u00fcr den gesamten textlichen Inhalt liegt beim Carnevals-Club Dornholzhausen e.V. <br>F\u00fcr die Vollst\u00e4ndigkeit und Richtigkeit der Informationen und Angebote \u00fcbernimmt der Verein keine Gew\u00e4hr.<\/p>\n\n\n\n<p>Personenbezogene Daten werden von uns auf freiwilliger Basis erhoben und f\u00fcr die Dauer des vereinbarten Zwecks verwendet.<br> <br><strong>Link-Disclaimer<\/strong><br> <br>Mit Urteil vom 12. Mai 1998 (Az. 312 O 85\/98 &#8211; &#8222;Haftung f\u00fcr Links&#8220;) hat  das Landgericht Hamburg entschieden, dass man durch die Ausbringung  eines Links die Inhalte der gelinkten Seite ggf. mit zu verantworten hat. Dies kann &#8211; so das Landgericht &#8211; nur dadurch  verhindert werden, dass man sich ausdr\u00fccklich von diesen Inhalten  distanziert. Auf dieser Seite und auf der gesamten Homepage sind Links zu anderen Seiten im Internet zu finden. F\u00fcr alle diese Links gilt: Es  wird ausdr\u00fccklich betont, dass der  Carnevals-Club Dornholzhausen e.V., keinerlei Einfluss auf die Gestaltung und die Inhalte der gelinkten Seiten hat. Deshalb distanziert  der  Carnevals-Club Dornholzhausen e.V. sich  hiermit ausdr\u00fccklich von allen Inhalten aller gelinkten Seiten auf dieser Homepage. Diese Erkl\u00e4rung gilt f\u00fcr alle auf der  Homepage ausgebrachten Links.<\/p>\n\n\n\n<p>&#8222;Das Impressum gilt auch f\u00fcr folgendes Social-Media-Profil:<\/p>\n\n\n\n<p><a href=\"https:\/\/www.youtube.com\/channel\/UCniuO6g1PmTGZi1Zt9JyYbQ\/about\" data-type=\"URL\">https:\/\/www.youtube.com\/channel\/UCniuO6g1PmTGZi1Zt9JyYbQ<\/a><\/p>\n","protected":false},"excerpt":{"rendered":"<p>Carnevals-Club Dornholzhausen e.V. Kleebachstra\u00dfe 12, 35428 Langg\u00f6ns &#8211; Dornholzhausen E-Mail: info@carnevalsclub-dhh.deInternet: www.carnevalsclub-dhh.de Vertretungsberechtigter Vorstand:Marcel Rau,\u00a0 1. Vorsitzender Christiane Plescher, 2.<\/p>\n","protected":false},"author":1,"featured_media":0,"parent":0,"menu_order":0,"comment_status":"closed","ping_status":"closed","template":"","meta":{"footnotes":""},"class_list":["post-188","page","type-page","status-publish","hentry"],"_links":{"self":[{"href":"http:\/\/carnevalsclub-dhh.de\/index.php?rest_route=\/wp\/v2\/pages\/188","targetHints":{"allow":["GET"]}}],"collection":[{"href":"http:\/\/carnevalsclub-dhh.de\/index.php?rest_route=\/wp\/v2\/pages"}],"about":[{"href":"http:\/\/carnevalsclub-dhh.de\/index.php?rest_route=\/wp\/v2\/types\/page"}],"author":[{"embeddable":true,"href":"http:\/\/carnevalsclub-dhh.de\/index.php?rest_route=\/wp\/v2\/users\/1"}],"replies":[{"embeddable":true,"href":"http:\/\/carnevalsclub-dhh.de\/index.php?rest_route=%2Fwp%2Fv2%2Fcomments&post=188"}],"version-history":[{"count":7,"href":"http:\/\/carnevalsclub-dhh.de\/index.php?rest_route=\/wp\/v2\/pages\/188\/revisions"}],"predecessor-version":[{"id":340,"href":"http:\/\/carnevalsclub-dhh.de\/index.php?rest_route=\/wp\/v2\/pages\/188\/revisions\/340"}],"wp:attachment":[{"href":"http:\/\/carnevalsclub-dhh.de\/index.php?rest_route=%2Fwp%2Fv2%2Fmedia&parent=188"}],"curies":[{"name":"wp","href":"https:\/\/api.w.org\/{rel}","templated":true}]}}