{"id":28,"date":"2019-05-30T10:25:21","date_gmt":"2019-05-30T10:25:21","guid":{"rendered":"http:\/\/carnevalsclub-dhh.de\/?page_id=28"},"modified":"2026-04-20T21:20:12","modified_gmt":"2026-04-20T19:20:12","slug":"praesidium","status":"publish","type":"page","link":"http:\/\/carnevalsclub-dhh.de\/?page_id=28","title":{"rendered":"Pr\u00e4sidium"},"content":{"rendered":"\n<p>Das aktuelle Pr\u00e4sidium setzt sich wie folgt zusammen:<\/p>\n\n\n\n<h5 class=\"wp-block-heading\">Pr\u00e4sident<\/h5>\n\n\n\n<p>Marcel Rau <\/p>\n\n\n\n<h5 class=\"wp-block-heading\">Vizepr\u00e4sidentin<\/h5>\n\n\n\n<p>Christiane Plescher<\/p>\n\n\n\n<h5 class=\"wp-block-heading\">Schatzmeister<\/h5>\n\n\n\n<p>Carina Kaufmann<\/p>\n\n\n\n<h5 class=\"wp-block-heading\">Zweiter Schatzmeister<\/h5>\n\n\n\n<p>Sabrina Heinz<\/p>\n\n\n\n<h5 class=\"wp-block-heading\">Mundschenk<\/h5>\n\n\n\n<p>Tobias Planer<\/p>\n\n\n\n<h5 class=\"wp-block-heading\">Zweiter Mundschenk<\/h5>\n\n\n\n<p>Anne Wenzel<\/p>\n\n\n\n<h5 class=\"wp-block-heading\">Schriftf\u00fchrer<\/h5>\n\n\n\n<p>Sarah Nacke<\/p>\n\n\n\n<h5 class=\"wp-block-heading\">Zweiter Schriftf\u00fchrer<\/h5>\n\n\n\n<p>Nathalie Schuster<\/p>\n\n\n\n<h5 class=\"wp-block-heading\">Zeremonienmeister<\/h5>\n\n\n\n<p>Ceresa Thei\u00df<\/p>\n\n\n\n<h5 class=\"wp-block-heading\">Zweiter Zeremonienmeister<\/h5>\n\n\n\n<p>Danica Loh<\/p>\n\n\n\n<h5 class=\"wp-block-heading\">Dritter Zeremonienmeister<\/h5>\n\n\n\n<p>Dr. Frank Schneider<\/p>\n","protected":false},"excerpt":{"rendered":"<p>Das aktuelle Pr\u00e4sidium setzt sich wie folgt zusammen: Pr\u00e4sident Marcel Rau Vizepr\u00e4sidentin Christiane Plescher Schatzmeister Carina Kaufmann Zweiter Schatzmeister Sabrina<\/p>\n","protected":false},"author":1,"featured_media":0,"parent":0,"menu_order":0,"comment_status":"closed","ping_status":"closed","template":"","meta":{"footnotes":""},"class_list":["post-28","page","type-page","status-publish","hentry"],"_links":{"self":[{"href":"http:\/\/carnevalsclub-dhh.de\/index.php?rest_route=\/wp\/v2\/pages\/28","targetHints":{"allow":["GET"]}}],"collection":[{"href":"http:\/\/carnevalsclub-dhh.de\/index.php?rest_route=\/wp\/v2\/pages"}],"about":[{"href":"http:\/\/carnevalsclub-dhh.de\/index.php?rest_route=\/wp\/v2\/types\/page"}],"author":[{"embeddable":true,"href":"http:\/\/carnevalsclub-dhh.de\/index.php?rest_route=\/wp\/v2\/users\/1"}],"replies":[{"embeddable":true,"href":"http:\/\/carnevalsclub-dhh.de\/index.php?rest_route=%2Fwp%2Fv2%2Fcomments&post=28"}],"version-history":[{"count":7,"href":"http:\/\/carnevalsclub-dhh.de\/index.php?rest_route=\/wp\/v2\/pages\/28\/revisions"}],"predecessor-version":[{"id":395,"href":"http:\/\/carnevalsclub-dhh.de\/index.php?rest_route=\/wp\/v2\/pages\/28\/revisions\/395"}],"wp:attachment":[{"href":"http:\/\/carnevalsclub-dhh.de\/index.php?rest_route=%2Fwp%2Fv2%2Fmedia&parent=28"}],"curies":[{"name":"wp","href":"https:\/\/api.w.org\/{rel}","templated":true}]}}