{"id":83,"date":"2019-12-04T18:13:30","date_gmt":"2019-12-04T18:13:30","guid":{"rendered":"http:\/\/carnevalsclub-dhh.de\/?page_id=83"},"modified":"2019-12-09T16:20:00","modified_gmt":"2019-12-09T15:20:00","slug":"tanzgruppen","status":"publish","type":"page","link":"http:\/\/carnevalsclub-dhh.de\/?page_id=83","title":{"rendered":"Tanzgruppen"},"content":{"rendered":"\n<p>Du hast Lust am Tanzen und m\u00f6chtest unser Programm aktiv mitgestalten? Dann hast du hier die M\u00f6glichkeit, dich \u00fcber unser Angebot an Tanzgruppen zu informieren. Komm einfach zu der angegebenen Uhrzeit zum Schnuppern vorbei (w\u00e4hrend der Kampagne) oder schreibe uns eine Mail an . <\/p>\n","protected":false},"excerpt":{"rendered":"<p>Du hast Lust am Tanzen und m\u00f6chtest unser Programm aktiv mitgestalten? Dann hast du hier die M\u00f6glichkeit, dich \u00fcber unser<\/p>\n","protected":false},"author":1,"featured_media":0,"parent":0,"menu_order":0,"comment_status":"closed","ping_status":"closed","template":"","meta":{"footnotes":""},"class_list":["post-83","page","type-page","status-publish","hentry"],"_links":{"self":[{"href":"http:\/\/carnevalsclub-dhh.de\/index.php?rest_route=\/wp\/v2\/pages\/83","targetHints":{"allow":["GET"]}}],"collection":[{"href":"http:\/\/carnevalsclub-dhh.de\/index.php?rest_route=\/wp\/v2\/pages"}],"about":[{"href":"http:\/\/carnevalsclub-dhh.de\/index.php?rest_route=\/wp\/v2\/types\/page"}],"author":[{"embeddable":true,"href":"http:\/\/carnevalsclub-dhh.de\/index.php?rest_route=\/wp\/v2\/users\/1"}],"replies":[{"embeddable":true,"href":"http:\/\/carnevalsclub-dhh.de\/index.php?rest_route=%2Fwp%2Fv2%2Fcomments&post=83"}],"version-history":[{"count":3,"href":"http:\/\/carnevalsclub-dhh.de\/index.php?rest_route=\/wp\/v2\/pages\/83\/revisions"}],"predecessor-version":[{"id":134,"href":"http:\/\/carnevalsclub-dhh.de\/index.php?rest_route=\/wp\/v2\/pages\/83\/revisions\/134"}],"wp:attachment":[{"href":"http:\/\/carnevalsclub-dhh.de\/index.php?rest_route=%2Fwp%2Fv2%2Fmedia&parent=83"}],"curies":[{"name":"wp","href":"https:\/\/api.w.org\/{rel}","templated":true}]}}